{"id":9649,"date":"2021-02-12T13:54:33","date_gmt":"2021-02-12T11:54:33","guid":{"rendered":"https:\/\/snfccstore.com\/product\/kardia-apo-papie-mase\/"},"modified":"2021-07-13T20:03:02","modified_gmt":"2021-07-13T17:03:02","slug":"heart-made-by-papier-mache","status":"publish","type":"product","link":"https:\/\/snfccstore.com\/en\/product\/heart-made-by-papier-mache\/","title":{"rendered":"Heart made by papier m\u00e2ch\u00e9"},"content":{"rendered":"","protected":false},"excerpt":{"rendered":"<p>Heart made by papier m\u00e2ch\u00e9 on a stone base, with a wire frame on which the paper is placed. The colors are mostly acrylic and the varnishes are ecological. Designed by Enartists<\/p>\n<p>Dimensions: 9 x 5 x 15 cm<br \/>\nWeight: 0,200 kg<\/p>\n","protected":false},"featured_media":9648,"template":"","meta":[],"product_cat":[121,141],"product_tag":[],"_links":{"self":[{"href":"https:\/\/snfccstore.com\/en\/wp-json\/wp\/v2\/product\/9649"}],"collection":[{"href":"https:\/\/snfccstore.com\/en\/wp-json\/wp\/v2\/product"}],"about":[{"href":"https:\/\/snfccstore.com\/en\/wp-json\/wp\/v2\/types\/product"}],"wp:featuredmedia":[{"embeddable":true,"href":"https:\/\/snfccstore.com\/en\/wp-json\/wp\/v2\/media\/9648"}],"wp:attachment":[{"href":"https:\/\/snfccstore.com\/en\/wp-json\/wp\/v2\/media?parent=9649"}],"wp:term":[{"taxonomy":"product_cat","embeddable":true,"href":"https:\/\/snfccstore.com\/en\/wp-json\/wp\/v2\/product_cat?post=9649"},{"taxonomy":"product_tag","embeddable":true,"href":"https:\/\/snfccstore.com\/en\/wp-json\/wp\/v2\/product_tag?post=9649"}],"curies":[{"name":"wp","href":"https:\/\/api.w.org\/{rel}","templated":true}]}}