{"id":9602,"date":"2021-02-11T18:00:05","date_gmt":"2021-02-11T16:00:05","guid":{"rendered":"https:\/\/snfccstore.com\/product\/petaloyda-apo-papie-mase\/"},"modified":"2021-02-11T18:03:13","modified_gmt":"2021-02-11T16:03:13","slug":"petaloyda-apo-papie-mase","status":"publish","type":"product","link":"https:\/\/snfccstore.com\/en\/product\/petaloyda-apo-papie-mase\/","title":{"rendered":"Butterfly &#8211; Papier M\u00e2ch\u00e9"},"content":{"rendered":"","protected":false},"excerpt":{"rendered":"<p>Butterfly made by papier m\u00e2ch\u00e9 on a stone base, with a wire frame on which the paper is placed. The colors are mostly acrylic and the varnishes are ecological. Designed by Enartists<\/p>\n<p>Dimensions: 8 X 8 X 17 cm<br \/>\nWeight: 0.200 kg<\/p>\n","protected":false},"featured_media":9595,"template":"","meta":[],"product_cat":[121,141],"product_tag":[],"_links":{"self":[{"href":"https:\/\/snfccstore.com\/en\/wp-json\/wp\/v2\/product\/9602"}],"collection":[{"href":"https:\/\/snfccstore.com\/en\/wp-json\/wp\/v2\/product"}],"about":[{"href":"https:\/\/snfccstore.com\/en\/wp-json\/wp\/v2\/types\/product"}],"wp:featuredmedia":[{"embeddable":true,"href":"https:\/\/snfccstore.com\/en\/wp-json\/wp\/v2\/media\/9595"}],"wp:attachment":[{"href":"https:\/\/snfccstore.com\/en\/wp-json\/wp\/v2\/media?parent=9602"}],"wp:term":[{"taxonomy":"product_cat","embeddable":true,"href":"https:\/\/snfccstore.com\/en\/wp-json\/wp\/v2\/product_cat?post=9602"},{"taxonomy":"product_tag","embeddable":true,"href":"https:\/\/snfccstore.com\/en\/wp-json\/wp\/v2\/product_tag?post=9602"}],"curies":[{"name":"wp","href":"https:\/\/api.w.org\/{rel}","templated":true}]}}