{"id":5950,"date":"2020-04-24T16:46:48","date_gmt":"2020-04-24T13:46:48","guid":{"rendered":"https:\/\/snfccstore.com\/product\/paparoyna-apo-papie-mase\/"},"modified":"2020-04-28T21:11:26","modified_gmt":"2020-04-28T18:11:26","slug":"paparoyna-apo-papie-mase","status":"publish","type":"product","link":"https:\/\/snfccstore.com\/en\/product\/paparoyna-apo-papie-mase\/","title":{"rendered":"Poppy &#8211; Papier M\u00e2ch\u00e9"},"content":{"rendered":"","protected":false},"excerpt":{"rendered":"<p>Poppy made by papier m\u00e2ch\u00e9 on a stone base, with a wire frame on which the paper is placed. The colors are mostly acrylic and the varnishes are ecological. Designed by  Enartists<\/p>\n<p>Dimensions: 8 X 8 X 19 cm<br \/>\nWeight: 0.200 kg<\/p>\n","protected":false},"featured_media":5947,"template":"","meta":[],"product_cat":[121,141],"product_tag":[],"_links":{"self":[{"href":"https:\/\/snfccstore.com\/en\/wp-json\/wp\/v2\/product\/5950"}],"collection":[{"href":"https:\/\/snfccstore.com\/en\/wp-json\/wp\/v2\/product"}],"about":[{"href":"https:\/\/snfccstore.com\/en\/wp-json\/wp\/v2\/types\/product"}],"wp:featuredmedia":[{"embeddable":true,"href":"https:\/\/snfccstore.com\/en\/wp-json\/wp\/v2\/media\/5947"}],"wp:attachment":[{"href":"https:\/\/snfccstore.com\/en\/wp-json\/wp\/v2\/media?parent=5950"}],"wp:term":[{"taxonomy":"product_cat","embeddable":true,"href":"https:\/\/snfccstore.com\/en\/wp-json\/wp\/v2\/product_cat?post=5950"},{"taxonomy":"product_tag","embeddable":true,"href":"https:\/\/snfccstore.com\/en\/wp-json\/wp\/v2\/product_tag?post=5950"}],"curies":[{"name":"wp","href":"https:\/\/api.w.org\/{rel}","templated":true}]}}