{"id":13180,"date":"2022-01-22T12:03:53","date_gmt":"2022-01-22T11:08:58","guid":{"rendered":"https:\/\/snfccstore.com\/?post_type=product&#038;p=13180"},"modified":"2022-01-22T13:09:00","modified_gmt":"2022-01-22T11:09:00","slug":"carbon-and-frankincense-scented-candle-faust-270g","status":"publish","type":"product","link":"https:\/\/snfccstore.com\/en\/product\/carbon-and-frankincense-scented-candle-faust-270g\/","title":{"rendered":"Carbon and Frankincense scented candle FAUST 270g"},"content":{"rendered":"","protected":false},"excerpt":{"rendered":"<p>Doctor Faust let the chalk aside and stood staring at the densely inscribed board. On it was all the wisdom he had gathered over many years, for which he let his life slip through his fingers. A sudden tang of charcoal and incense left him bewildered: M\u00e9phistoph\u00e9l\u00e8s appeared before him, bowing low.<\/p>\n<p>                                                                                                                                                                                \u0391 premium quality candle with Carbon and Frankincense scent inspired by the opera Faust.<br \/>\n                                                                                                                                                                                                                                                                                                                                                                                                                                                                                                                     \u03a4\u0397\u0395 SCENT                                                                                                                                                                                                                                                                        Top notes: Frankincense<br \/>\nMiddle notes: Smoky birch tar                                                                                                                                                                                                                                                                                                                                                                     Base notes: Carbon<br \/>\nCANDLE FEATURES<br \/>\n-Handmade high quality scented candle.<br \/>\n-Contains a mix of top quality plant oils, waxes and edible paraffin.<br \/>\n-Is enriched with scents checked and certified by the world&#8217;s largest perfumery companies.<br \/>\n-Contains 100% cotton (lead &#8211; free) wicks.<br \/>\n-Ensures a clean burn, free of black smoke.<br \/>\n-Lasts about 70 hours when lit.<br \/>\n-Comes in 100% recyclable packaging.<br \/>\n-Produced in Greece.    <\/p>\n<p>PACKAGING<br \/>\n-Handmade candle in glass jar.<br \/>\n-Wooden lid<br \/>\n&#8211; Exclusive handmade carton box.<br \/>\n&#8211; Small leaflet (in Greek and in English), explaining the notes and the special features of the candle.                                                                                                                                              Volume: 270gr<br \/>\nColor: Bronze colored jar with wooden lid                                                                  Dimensions: 9&#215;9 cm <\/p>\n","protected":false},"featured_media":13175,"template":"","meta":[],"product_cat":[122,164,624,121,141],"product_tag":[],"_links":{"self":[{"href":"https:\/\/snfccstore.com\/en\/wp-json\/wp\/v2\/product\/13180"}],"collection":[{"href":"https:\/\/snfccstore.com\/en\/wp-json\/wp\/v2\/product"}],"about":[{"href":"https:\/\/snfccstore.com\/en\/wp-json\/wp\/v2\/types\/product"}],"wp:featuredmedia":[{"embeddable":true,"href":"https:\/\/snfccstore.com\/en\/wp-json\/wp\/v2\/media\/13175"}],"wp:attachment":[{"href":"https:\/\/snfccstore.com\/en\/wp-json\/wp\/v2\/media?parent=13180"}],"wp:term":[{"taxonomy":"product_cat","embeddable":true,"href":"https:\/\/snfccstore.com\/en\/wp-json\/wp\/v2\/product_cat?post=13180"},{"taxonomy":"product_tag","embeddable":true,"href":"https:\/\/snfccstore.com\/en\/wp-json\/wp\/v2\/product_tag?post=13180"}],"curies":[{"name":"wp","href":"https:\/\/api.w.org\/{rel}","templated":true}]}}