{"id":12978,"date":"2022-01-16T15:38:56","date_gmt":"2022-01-16T13:39:14","guid":{"rendered":"https:\/\/snfccstore.com\/?post_type=product&#038;p=12978"},"modified":"2022-01-22T11:28:15","modified_gmt":"2022-01-22T09:28:15","slug":"jenufa-leos-gianatsek-programma-parastasis-kallitechniki-periodos-2018-19","status":"publish","type":"product","link":"https:\/\/snfccstore.com\/en\/product\/jenufa-leos-gianatsek-programma-parastasis-kallitechniki-periodos-2018-19\/","title":{"rendered":"Jen\u016ffa &#8211; Leo\u0161 Jan\u00e1\u010dek &#8211; Programme \u2013 Season 2018\/19"},"content":{"rendered":"","protected":false},"excerpt":{"rendered":"<p><span lang=\"en-US\">The Greek National Opera launched the 2018\/19 season with Leo\u0161 Jan\u00e1\u010dek\u2019s Jen\u016ffa, one of the most important masterpieces of the 20th century, that was presented for the first time ever in Greece, on October 14th 2018, conducted by Lukas Karytinos and directed by Nicola Raab.<\/span><\/p>\n<p><span lang=\"en-US\"> Jen\u016ffa, the \u201cperfect opera\u201d, as it was described by the Guardian, has exceeded the bounds of the modern repertory and has established itself in the world\u2019s greatest opera houses, thanks to its lyricism and emotional honesty, its magnificent music by the great Czech composer Leo\u0161 Jan\u00e1\u010dek, and its intensely dramatic and at the same time deeply humane storyline. Jen\u016ffa was directed by the German director Nicola Raab, one of the most prominent opera directors in Europe, who has been internationally acclaimed for the special sensitivity of her readings and her persistence in the dreamlike visualization of the works she directs.<\/span><\/p>\n","protected":false},"featured_media":12860,"template":"","meta":[],"product_cat":[576,122,164,609,120],"product_tag":[],"_links":{"self":[{"href":"https:\/\/snfccstore.com\/en\/wp-json\/wp\/v2\/product\/12978"}],"collection":[{"href":"https:\/\/snfccstore.com\/en\/wp-json\/wp\/v2\/product"}],"about":[{"href":"https:\/\/snfccstore.com\/en\/wp-json\/wp\/v2\/types\/product"}],"wp:featuredmedia":[{"embeddable":true,"href":"https:\/\/snfccstore.com\/en\/wp-json\/wp\/v2\/media\/12860"}],"wp:attachment":[{"href":"https:\/\/snfccstore.com\/en\/wp-json\/wp\/v2\/media?parent=12978"}],"wp:term":[{"taxonomy":"product_cat","embeddable":true,"href":"https:\/\/snfccstore.com\/en\/wp-json\/wp\/v2\/product_cat?post=12978"},{"taxonomy":"product_tag","embeddable":true,"href":"https:\/\/snfccstore.com\/en\/wp-json\/wp\/v2\/product_tag?post=12978"}],"curies":[{"name":"wp","href":"https:\/\/api.w.org\/{rel}","templated":true}]}}